{"id":37,"date":"2023-04-29T13:00:25","date_gmt":"2023-04-29T17:00:25","guid":{"rendered":"https:\/\/anunciosbolivia.com\/camelia\/mi-cuenta\/"},"modified":"2023-05-08T16:35:29","modified_gmt":"2023-05-08T20:35:29","slug":"mi-cuenta","status":"publish","type":"page","link":"https:\/\/anunciosbolivia.com\/camelia\/mi-cuenta\/","title":{"rendered":"Mi cuenta"},"content":{"rendered":"\t\t<div data-elementor-type=\"wp-page\" data-elementor-id=\"37\" class=\"elementor elementor-37\" data-elementor-post-type=\"page\">\n\t\t\t\t\t\t\t\t\t<section class=\"elementor-section elementor-top-section elementor-element elementor-element-526236da elementor-section-boxed elementor-section-height-default elementor-section-height-default\" data-id=\"526236da\" data-element_type=\"section\">\n\t\t\t\t\t\t<div class=\"elementor-container elementor-column-gap-default\">\n\t\t\t\t\t<div class=\"elementor-column elementor-col-100 elementor-top-column elementor-element elementor-element-1e27e37b\" data-id=\"1e27e37b\" data-element_type=\"column\">\n\t\t\t<div class=\"elementor-widget-wrap elementor-element-populated\">\n\t\t\t\t\t\t\t\t<div class=\"elementor-element elementor-element-6d53a21 e-my-account-tabs-vertical elementor-widget elementor-widget-woocommerce-my-account\" data-id=\"6d53a21\" data-element_type=\"widget\" data-settings=\"{&quot;customize_dashboard_check&quot;:&quot;yes&quot;}\" data-widget_type=\"woocommerce-my-account.default\">\n\t\t\t\t<div class=\"elementor-widget-container\">\n\t\t\t<link rel=\"stylesheet\" href=\"https:\/\/anunciosbolivia.com\/camelia\/wp-content\/plugins\/elementor-pro\/assets\/css\/widget-woocommerce.min.css\"><div class=\"e-my-account-tab e-my-account-tab__ \">\t\t\t<span class=\"elementor-hidden\">[woocommerce_my_account]<\/span>\n\t\t\t<div class=\"woocommerce\"><\/div>\t\t<\/div>\n\t\t\t\t<\/div>\n\t\t\t\t<\/div>\n\t\t\t\t\t<\/div>\n\t\t<\/div>\n\t\t\t\t\t\t\t<\/div>\n\t\t<\/section>\n\t\t\t\t\t\t\t<\/div>\n\t\t","protected":false},"excerpt":{"rendered":"<p>Escritorio Pedidos Descargas Direcciones Detalles de la cuenta Salir Hola rootqrprincipal (\u00bfno eres rootqrprincipal? Cerrar sesi\u00f3n) Desde el escritorio de tu cuenta puedes ver tus pedidos recientes, gestionar tus direcciones de env\u00edo y facturaci\u00f3n y editar tu contrase\u00f1a y los detalles de tu cuenta.<\/p>\n","protected":false},"author":1,"featured_media":0,"parent":0,"menu_order":0,"comment_status":"closed","ping_status":"closed","template":"","meta":[],"folder":[],"yoast_head":"<!-- This site is optimized with the Yoast SEO Premium plugin v20.12 (Yoast SEO v20.12) - https:\/\/yoast.com\/wordpress\/plugins\/seo\/ -->\n<title>Mi cuenta - Camelia<\/title>\n<meta name=\"robots\" content=\"index, follow, max-snippet:-1, max-image-preview:large, max-video-preview:-1\" \/>\n<link rel=\"canonical\" href=\"https:\/\/anunciosbolivia.com\/camelia\/mi-cuenta\/\" \/>\n<meta property=\"og:locale\" content=\"es_ES\" \/>\n<meta property=\"og:type\" content=\"article\" \/>\n<meta property=\"og:title\" content=\"Mi cuenta\" \/>\n<meta property=\"og:description\" content=\"Escritorio Pedidos Descargas Direcciones Detalles de la cuenta Salir Hola rootqrprincipal (\u00bfno eres rootqrprincipal? Cerrar sesi\u00f3n) Desde el escritorio de tu cuenta puedes ver tus pedidos recientes, gestionar tus direcciones de env\u00edo y facturaci\u00f3n y editar tu contrase\u00f1a y los detalles de tu cuenta.\" \/>\n<meta property=\"og:url\" content=\"https:\/\/anunciosbolivia.com\/camelia\/mi-cuenta\/\" \/>\n<meta property=\"og:site_name\" content=\"Camelia\" \/>\n<meta property=\"article:modified_time\" content=\"2023-05-08T20:35:29+00:00\" \/>\n<meta name=\"twitter:card\" content=\"summary_large_image\" \/>\n<meta name=\"twitter:label1\" content=\"Tiempo de lectura\" \/>\n\t<meta name=\"twitter:data1\" content=\"3 minutos\" \/>\n<script type=\"application\/ld+json\" class=\"yoast-schema-graph\">{\"@context\":\"https:\/\/schema.org\",\"@graph\":[{\"@type\":\"WebPage\",\"@id\":\"https:\/\/anunciosbolivia.com\/camelia\/mi-cuenta\/\",\"url\":\"https:\/\/anunciosbolivia.com\/camelia\/mi-cuenta\/\",\"name\":\"Mi cuenta - Camelia\",\"isPartOf\":{\"@id\":\"https:\/\/anunciosbolivia.com\/camelia\/#website\"},\"datePublished\":\"2023-04-29T17:00:25+00:00\",\"dateModified\":\"2023-05-08T20:35:29+00:00\",\"breadcrumb\":{\"@id\":\"https:\/\/anunciosbolivia.com\/camelia\/mi-cuenta\/#breadcrumb\"},\"inLanguage\":\"es\",\"potentialAction\":[{\"@type\":\"ReadAction\",\"target\":[\"https:\/\/anunciosbolivia.com\/camelia\/mi-cuenta\/\"]}]},{\"@type\":\"BreadcrumbList\",\"@id\":\"https:\/\/anunciosbolivia.com\/camelia\/mi-cuenta\/#breadcrumb\",\"itemListElement\":[{\"@type\":\"ListItem\",\"position\":1,\"name\":\"Home\",\"item\":\"https:\/\/anunciosbolivia.com\/camelia\/\"},{\"@type\":\"ListItem\",\"position\":2,\"name\":\"Mi cuenta\"}]},{\"@type\":\"WebSite\",\"@id\":\"https:\/\/anunciosbolivia.com\/camelia\/#website\",\"url\":\"https:\/\/anunciosbolivia.com\/camelia\/\",\"name\":\"Camelia\",\"description\":\"\",\"publisher\":{\"@id\":\"https:\/\/anunciosbolivia.com\/camelia\/#organization\"},\"potentialAction\":[{\"@type\":\"SearchAction\",\"target\":{\"@type\":\"EntryPoint\",\"urlTemplate\":\"https:\/\/anunciosbolivia.com\/camelia\/?s={search_term_string}\"},\"query-input\":\"required name=search_term_string\"}],\"inLanguage\":\"es\"},{\"@type\":\"Organization\",\"@id\":\"https:\/\/anunciosbolivia.com\/camelia\/#organization\",\"name\":\"Camelia\",\"url\":\"https:\/\/anunciosbolivia.com\/camelia\/\",\"logo\":{\"@type\":\"ImageObject\",\"inLanguage\":\"es\",\"@id\":\"https:\/\/anunciosbolivia.com\/camelia\/#\/schema\/logo\/image\/\",\"url\":\"https:\/\/anunciosbolivia.com\/camelia\/wp-content\/uploads\/2023\/05\/logocamelia-1.png\",\"contentUrl\":\"https:\/\/anunciosbolivia.com\/camelia\/wp-content\/uploads\/2023\/05\/logocamelia-1.png\",\"width\":550,\"height\":176,\"caption\":\"Camelia\"},\"image\":{\"@id\":\"https:\/\/anunciosbolivia.com\/camelia\/#\/schema\/logo\/image\/\"}}]}<\/script>\n<!-- \/ Yoast SEO Premium plugin. -->","yoast_head_json":{"title":"Mi cuenta - Camelia","robots":{"index":"index","follow":"follow","max-snippet":"max-snippet:-1","max-image-preview":"max-image-preview:large","max-video-preview":"max-video-preview:-1"},"canonical":"https:\/\/anunciosbolivia.com\/camelia\/mi-cuenta\/","og_locale":"es_ES","og_type":"article","og_title":"Mi cuenta","og_description":"Escritorio Pedidos Descargas Direcciones Detalles de la cuenta Salir Hola rootqrprincipal (\u00bfno eres rootqrprincipal? Cerrar sesi\u00f3n) Desde el escritorio de tu cuenta puedes ver tus pedidos recientes, gestionar tus direcciones de env\u00edo y facturaci\u00f3n y editar tu contrase\u00f1a y los detalles de tu cuenta.","og_url":"https:\/\/anunciosbolivia.com\/camelia\/mi-cuenta\/","og_site_name":"Camelia","article_modified_time":"2023-05-08T20:35:29+00:00","twitter_card":"summary_large_image","twitter_misc":{"Tiempo de lectura":"3 minutos"},"schema":{"@context":"https:\/\/schema.org","@graph":[{"@type":"WebPage","@id":"https:\/\/anunciosbolivia.com\/camelia\/mi-cuenta\/","url":"https:\/\/anunciosbolivia.com\/camelia\/mi-cuenta\/","name":"Mi cuenta - Camelia","isPartOf":{"@id":"https:\/\/anunciosbolivia.com\/camelia\/#website"},"datePublished":"2023-04-29T17:00:25+00:00","dateModified":"2023-05-08T20:35:29+00:00","breadcrumb":{"@id":"https:\/\/anunciosbolivia.com\/camelia\/mi-cuenta\/#breadcrumb"},"inLanguage":"es","potentialAction":[{"@type":"ReadAction","target":["https:\/\/anunciosbolivia.com\/camelia\/mi-cuenta\/"]}]},{"@type":"BreadcrumbList","@id":"https:\/\/anunciosbolivia.com\/camelia\/mi-cuenta\/#breadcrumb","itemListElement":[{"@type":"ListItem","position":1,"name":"Home","item":"https:\/\/anunciosbolivia.com\/camelia\/"},{"@type":"ListItem","position":2,"name":"Mi cuenta"}]},{"@type":"WebSite","@id":"https:\/\/anunciosbolivia.com\/camelia\/#website","url":"https:\/\/anunciosbolivia.com\/camelia\/","name":"Camelia","description":"","publisher":{"@id":"https:\/\/anunciosbolivia.com\/camelia\/#organization"},"potentialAction":[{"@type":"SearchAction","target":{"@type":"EntryPoint","urlTemplate":"https:\/\/anunciosbolivia.com\/camelia\/?s={search_term_string}"},"query-input":"required name=search_term_string"}],"inLanguage":"es"},{"@type":"Organization","@id":"https:\/\/anunciosbolivia.com\/camelia\/#organization","name":"Camelia","url":"https:\/\/anunciosbolivia.com\/camelia\/","logo":{"@type":"ImageObject","inLanguage":"es","@id":"https:\/\/anunciosbolivia.com\/camelia\/#\/schema\/logo\/image\/","url":"https:\/\/anunciosbolivia.com\/camelia\/wp-content\/uploads\/2023\/05\/logocamelia-1.png","contentUrl":"https:\/\/anunciosbolivia.com\/camelia\/wp-content\/uploads\/2023\/05\/logocamelia-1.png","width":550,"height":176,"caption":"Camelia"},"image":{"@id":"https:\/\/anunciosbolivia.com\/camelia\/#\/schema\/logo\/image\/"}}]}},"_links":{"self":[{"href":"https:\/\/anunciosbolivia.com\/camelia\/wp-json\/wp\/v2\/pages\/37"}],"collection":[{"href":"https:\/\/anunciosbolivia.com\/camelia\/wp-json\/wp\/v2\/pages"}],"about":[{"href":"https:\/\/anunciosbolivia.com\/camelia\/wp-json\/wp\/v2\/types\/page"}],"author":[{"embeddable":true,"href":"https:\/\/anunciosbolivia.com\/camelia\/wp-json\/wp\/v2\/users\/1"}],"replies":[{"embeddable":true,"href":"https:\/\/anunciosbolivia.com\/camelia\/wp-json\/wp\/v2\/comments?post=37"}],"version-history":[{"count":0,"href":"https:\/\/anunciosbolivia.com\/camelia\/wp-json\/wp\/v2\/pages\/37\/revisions"}],"wp:attachment":[{"href":"https:\/\/anunciosbolivia.com\/camelia\/wp-json\/wp\/v2\/media?parent=37"}],"wp:term":[{"taxonomy":"folder","embeddable":true,"href":"https:\/\/anunciosbolivia.com\/camelia\/wp-json\/wp\/v2\/folder?post=37"}],"curies":[{"name":"wp","href":"https:\/\/api.w.org\/{rel}","templated":true}]}}