{"id":937,"date":"2023-08-18T14:18:15","date_gmt":"2023-08-18T18:18:15","guid":{"rendered":"https:\/\/anunciosbolivia.com\/camelia\/?page_id=937"},"modified":"2023-08-22T21:48:28","modified_gmt":"2023-08-23T01:48:28","slug":"metodos-de-pago","status":"publish","type":"page","link":"https:\/\/anunciosbolivia.com\/camelia\/metodos-de-pago\/","title":{"rendered":"M\u00e9todos de pago"},"content":{"rendered":"\t\t<div data-elementor-type=\"wp-page\" data-elementor-id=\"937\" class=\"elementor elementor-937\" data-elementor-post-type=\"page\">\n\t\t\t\t\t\t\t\t\t<section class=\"elementor-section elementor-top-section elementor-element elementor-element-7ed9b3e elementor-section-boxed elementor-section-height-default elementor-section-height-default\" data-id=\"7ed9b3e\" data-element_type=\"section\">\n\t\t\t\t\t\t<div class=\"elementor-container elementor-column-gap-default\">\n\t\t\t\t\t<div class=\"elementor-column elementor-col-100 elementor-top-column elementor-element elementor-element-c2cfdc0\" data-id=\"c2cfdc0\" data-element_type=\"column\">\n\t\t\t<div class=\"elementor-widget-wrap elementor-element-populated\">\n\t\t\t\t\t\t\t\t<div class=\"elementor-element elementor-element-f163cc1 elementor-widget elementor-widget-heading\" data-id=\"f163cc1\" data-element_type=\"widget\" data-widget_type=\"heading.default\">\n\t\t\t\t<div class=\"elementor-widget-container\">\n\t\t\t<style>\/*! elementor - v3.14.0 - 26-06-2023 *\/\n.elementor-heading-title{padding:0;margin:0;line-height:1}.elementor-widget-heading .elementor-heading-title[class*=elementor-size-]>a{color:inherit;font-size:inherit;line-height:inherit}.elementor-widget-heading .elementor-heading-title.elementor-size-small{font-size:15px}.elementor-widget-heading .elementor-heading-title.elementor-size-medium{font-size:19px}.elementor-widget-heading .elementor-heading-title.elementor-size-large{font-size:29px}.elementor-widget-heading .elementor-heading-title.elementor-size-xl{font-size:39px}.elementor-widget-heading .elementor-heading-title.elementor-size-xxl{font-size:59px}<\/style><h2 class=\"elementor-heading-title elementor-size-default\">M\u00e9todos de pago<\/h2>\t\t<\/div>\n\t\t\t\t<\/div>\n\t\t\t\t<div class=\"elementor-element elementor-element-8361b57 elementor-widget__width-auto elementor-widget elementor-widget-button\" data-id=\"8361b57\" data-element_type=\"widget\" data-widget_type=\"button.default\">\n\t\t\t\t<div class=\"elementor-widget-container\">\n\t\t\t\t\t<div class=\"elementor-button-wrapper\">\n\t\t\t<a class=\"elementor-button elementor-button-link elementor-size-sm\" href=\"#qr\">\n\t\t\t\t\t\t<span class=\"elementor-button-content-wrapper\">\n\t\t\t\t\t\t<span class=\"elementor-button-text\">QR<\/span>\n\t\t<\/span>\n\t\t\t\t\t<\/a>\n\t\t<\/div>\n\t\t\t\t<\/div>\n\t\t\t\t<\/div>\n\t\t\t\t<div class=\"elementor-element elementor-element-26cd065 elementor-widget__width-auto elementor-widget elementor-widget-button\" data-id=\"26cd065\" data-element_type=\"widget\" data-widget_type=\"button.default\">\n\t\t\t\t<div class=\"elementor-widget-container\">\n\t\t\t\t\t<div class=\"elementor-button-wrapper\">\n\t\t\t<a class=\"elementor-button elementor-button-link elementor-size-sm\" href=\"#trans\">\n\t\t\t\t\t\t<span class=\"elementor-button-content-wrapper\">\n\t\t\t\t\t\t<span class=\"elementor-button-text\">Transferencia Bancaria<\/span>\n\t\t<\/span>\n\t\t\t\t\t<\/a>\n\t\t<\/div>\n\t\t\t\t<\/div>\n\t\t\t\t<\/div>\n\t\t\t\t<section class=\"elementor-section elementor-inner-section elementor-element elementor-element-2302bdb elementor-section-boxed elementor-section-height-default elementor-section-height-default\" data-id=\"2302bdb\" data-element_type=\"section\">\n\t\t\t\t\t\t<div class=\"elementor-container elementor-column-gap-default\">\n\t\t\t\t\t<div class=\"elementor-column elementor-col-50 elementor-inner-column elementor-element elementor-element-6fce1e0\" data-id=\"6fce1e0\" data-element_type=\"column\">\n\t\t\t<div class=\"elementor-widget-wrap elementor-element-populated\">\n\t\t\t\t\t\t\t\t<div class=\"elementor-element elementor-element-b498573 elementor-widget elementor-widget-menu-anchor\" data-id=\"b498573\" data-element_type=\"widget\" data-widget_type=\"menu-anchor.default\">\n\t\t\t\t<div class=\"elementor-widget-container\">\n\t\t\t<style>\/*! elementor - v3.14.0 - 26-06-2023 *\/\nbody.elementor-page .elementor-widget-menu-anchor{margin-bottom:0}<\/style>\t\t<div id=\"qr\" class=\"elementor-menu-anchor\"><\/div>\n\t\t\t\t<\/div>\n\t\t\t\t<\/div>\n\t\t\t\t<div class=\"elementor-element elementor-element-8f382ed elementor-widget__width-auto elementor-widget elementor-widget-heading\" data-id=\"8f382ed\" data-element_type=\"widget\" data-widget_type=\"heading.default\">\n\t\t\t\t<div class=\"elementor-widget-container\">\n\t\t\t<h2 class=\"elementor-heading-title elementor-size-default\">QR<\/h2>\t\t<\/div>\n\t\t\t\t<\/div>\n\t\t\t\t<div class=\"elementor-element elementor-element-63b0aa3 elementor-align-center elementor-widget__width-auto elementor-widget elementor-widget-button\" data-id=\"63b0aa3\" data-element_type=\"widget\" data-widget_type=\"button.default\">\n\t\t\t\t<div class=\"elementor-widget-container\">\n\t\t\t\t\t<div class=\"elementor-button-wrapper\">\n\t\t\t<a class=\"elementor-button elementor-button-link elementor-size-sm\" href=\"https:\/\/anunciosbolivia.com\/camelia\/wp-content\/uploads\/2023\/08\/qrdepagocamelia.png\" download=\"\">\n\t\t\t\t\t\t<span class=\"elementor-button-content-wrapper\">\n\t\t\t\t\t\t<span class=\"elementor-button-text\">Descargar QR<\/span>\n\t\t<\/span>\n\t\t\t\t\t<\/a>\n\t\t<\/div>\n\t\t\t\t<\/div>\n\t\t\t\t<\/div>\n\t\t\t\t<div class=\"elementor-element elementor-element-db999a6 elementor-widget elementor-widget-image\" data-id=\"db999a6\" data-element_type=\"widget\" data-widget_type=\"image.default\">\n\t\t\t\t<div class=\"elementor-widget-container\">\n\t\t\t<style>\/*! elementor - v3.14.0 - 26-06-2023 *\/\n.elementor-widget-image{text-align:center}.elementor-widget-image a{display:inline-block}.elementor-widget-image a img[src$=\".svg\"]{width:48px}.elementor-widget-image img{vertical-align:middle;display:inline-block}<\/style>\t\t\t\t\t\t\t\t\t\t\t\t<img decoding=\"async\" width=\"800\" height=\"800\" src=\"https:\/\/anunciosbolivia.com\/camelia\/wp-content\/uploads\/2023\/08\/qrdepagocamelia-1024x1024.png\" class=\"attachment-large size-large wp-image-953\" alt=\"\" loading=\"lazy\" srcset=\"https:\/\/anunciosbolivia.com\/camelia\/wp-content\/uploads\/2023\/08\/qrdepagocamelia-1024x1024.png 1024w, https:\/\/anunciosbolivia.com\/camelia\/wp-content\/uploads\/2023\/08\/qrdepagocamelia-300x300.png 300w, https:\/\/anunciosbolivia.com\/camelia\/wp-content\/uploads\/2023\/08\/qrdepagocamelia-150x150.png 150w, https:\/\/anunciosbolivia.com\/camelia\/wp-content\/uploads\/2023\/08\/qrdepagocamelia-768x768.png 768w, https:\/\/anunciosbolivia.com\/camelia\/wp-content\/uploads\/2023\/08\/qrdepagocamelia-600x600.png 600w, https:\/\/anunciosbolivia.com\/camelia\/wp-content\/uploads\/2023\/08\/qrdepagocamelia-100x100.png 100w, https:\/\/anunciosbolivia.com\/camelia\/wp-content\/uploads\/2023\/08\/qrdepagocamelia.png 1111w\" sizes=\"(max-width: 800px) 100vw, 800px\" \/>\t\t\t\t\t\t\t\t\t\t\t\t\t\t\t<\/div>\n\t\t\t\t<\/div>\n\t\t\t\t\t<\/div>\n\t\t<\/div>\n\t\t\t\t<div class=\"elementor-column elementor-col-50 elementor-inner-column elementor-element elementor-element-fb520d0\" data-id=\"fb520d0\" data-element_type=\"column\">\n\t\t\t<div class=\"elementor-widget-wrap elementor-element-populated\">\n\t\t\t\t\t\t\t\t<div class=\"elementor-element elementor-element-2cd73ff elementor-widget elementor-widget-menu-anchor\" data-id=\"2cd73ff\" data-element_type=\"widget\" data-widget_type=\"menu-anchor.default\">\n\t\t\t\t<div class=\"elementor-widget-container\">\n\t\t\t\t\t<div id=\"trans\" class=\"elementor-menu-anchor\"><\/div>\n\t\t\t\t<\/div>\n\t\t\t\t<\/div>\n\t\t\t\t<div class=\"elementor-element elementor-element-681c9e5 elementor-widget elementor-widget-heading\" data-id=\"681c9e5\" data-element_type=\"widget\" data-widget_type=\"heading.default\">\n\t\t\t\t<div class=\"elementor-widget-container\">\n\t\t\t<h2 class=\"elementor-heading-title elementor-size-default\">Transferencia Bancaria<\/h2>\t\t<\/div>\n\t\t\t\t<\/div>\n\t\t\t\t<div class=\"elementor-element elementor-element-4e9e889 elementor-widget__width-auto elementor-widget elementor-widget-image\" data-id=\"4e9e889\" data-element_type=\"widget\" data-widget_type=\"image.default\">\n\t\t\t\t<div class=\"elementor-widget-container\">\n\t\t\t\t\t\t\t\t\t\t\t\t\t\t\t<img decoding=\"async\" src=\"https:\/\/anunciosbolivia.com\/camelia\/wp-content\/uploads\/elementor\/thumbs\/bcp-qbbbfvwsgycl90d1uvrkfb0yp9txvotrwnvjkz8os4.png\" title=\"bcp\" alt=\"bcp\" loading=\"lazy\" \/>\t\t\t\t\t\t\t\t\t\t\t\t\t\t\t<\/div>\n\t\t\t\t<\/div>\n\t\t\t\t<div class=\"elementor-element elementor-element-5981b11 elementor-widget__width-auto elementor-widget elementor-widget-heading\" data-id=\"5981b11\" data-element_type=\"widget\" data-widget_type=\"heading.default\">\n\t\t\t\t<div class=\"elementor-widget-container\">\n\t\t\t<h3 class=\"elementor-heading-title elementor-size-default\">Banco de Cr\u00e9dito <\/h3>\t\t<\/div>\n\t\t\t\t<\/div>\n\t\t\t\t<div class=\"elementor-element elementor-element-9c14318 elementor-widget elementor-widget-heading\" data-id=\"9c14318\" data-element_type=\"widget\" data-widget_type=\"heading.default\">\n\t\t\t\t<div class=\"elementor-widget-container\">\n\t\t\t<h4 class=\"elementor-heading-title elementor-size-default\">Nombre<\/h4>\t\t<\/div>\n\t\t\t\t<\/div>\n\t\t\t\t<div class=\"elementor-element elementor-element-e932af5 elementor-widget elementor-widget-text-editor\" data-id=\"e932af5\" data-element_type=\"widget\" data-widget_type=\"text-editor.default\">\n\t\t\t\t<div class=\"elementor-widget-container\">\n\t\t\t<style>\/*! elementor - v3.14.0 - 26-06-2023 *\/\n.elementor-widget-text-editor.elementor-drop-cap-view-stacked .elementor-drop-cap{background-color:#69727d;color:#fff}.elementor-widget-text-editor.elementor-drop-cap-view-framed .elementor-drop-cap{color:#69727d;border:3px solid;background-color:transparent}.elementor-widget-text-editor:not(.elementor-drop-cap-view-default) .elementor-drop-cap{margin-top:8px}.elementor-widget-text-editor:not(.elementor-drop-cap-view-default) .elementor-drop-cap-letter{width:1em;height:1em}.elementor-widget-text-editor .elementor-drop-cap{float:left;text-align:center;line-height:1;font-size:50px}.elementor-widget-text-editor .elementor-drop-cap-letter{display:inline-block}<\/style>\t\t\t\t<pre>Fabiola Borja Yanez<\/pre>\t\t\t\t\t\t<\/div>\n\t\t\t\t<\/div>\n\t\t\t\t<div class=\"elementor-element elementor-element-3bcc89d elementor-widget elementor-widget-heading\" data-id=\"3bcc89d\" data-element_type=\"widget\" data-widget_type=\"heading.default\">\n\t\t\t\t<div class=\"elementor-widget-container\">\n\t\t\t<h4 class=\"elementor-heading-title elementor-size-default\">N\u00ba de Cuenta<\/h4>\t\t<\/div>\n\t\t\t\t<\/div>\n\t\t\t\t<div class=\"elementor-element elementor-element-6066425 elementor-widget elementor-widget-text-editor\" data-id=\"6066425\" data-element_type=\"widget\" data-widget_type=\"text-editor.default\">\n\t\t\t\t<div class=\"elementor-widget-container\">\n\t\t\t\t\t\t\t<pre>20150841929365<\/pre>\t\t\t\t\t\t<\/div>\n\t\t\t\t<\/div>\n\t\t\t\t\t<\/div>\n\t\t<\/div>\n\t\t\t\t\t\t\t<\/div>\n\t\t<\/section>\n\t\t\t\t\t<\/div>\n\t\t<\/div>\n\t\t\t\t\t\t\t<\/div>\n\t\t<\/section>\n\t\t\t\t\t\t\t<\/div>\n\t\t","protected":false},"excerpt":{"rendered":"<p>M\u00e9todos de pago QR Transferencia Bancaria QR Descargar QR Transferencia Bancaria Banco de Cr\u00e9dito Nombre Fabiola Borja Yanez N\u00ba de Cuenta 20150841929365<\/p>\n","protected":false},"author":1,"featured_media":0,"parent":0,"menu_order":0,"comment_status":"closed","ping_status":"closed","template":"","meta":[],"folder":[],"yoast_head":"<!-- This site is optimized with the Yoast SEO Premium plugin v20.12 (Yoast SEO v20.12) - https:\/\/yoast.com\/wordpress\/plugins\/seo\/ -->\n<title>M\u00e9todos de pago - Camelia<\/title>\n<meta name=\"robots\" content=\"index, follow, max-snippet:-1, max-image-preview:large, max-video-preview:-1\" \/>\n<link rel=\"canonical\" href=\"https:\/\/anunciosbolivia.com\/camelia\/metodos-de-pago\/\" \/>\n<meta property=\"og:locale\" content=\"es_ES\" \/>\n<meta property=\"og:type\" content=\"article\" \/>\n<meta property=\"og:title\" content=\"M\u00e9todos de pago\" \/>\n<meta property=\"og:description\" content=\"M\u00e9todos de pago QR Transferencia Bancaria QR Descargar QR Transferencia Bancaria Banco de Cr\u00e9dito Nombre Fabiola Borja Yanez N\u00ba de Cuenta 20150841929365\" \/>\n<meta property=\"og:url\" content=\"https:\/\/anunciosbolivia.com\/camelia\/metodos-de-pago\/\" \/>\n<meta property=\"og:site_name\" content=\"Camelia\" \/>\n<meta property=\"article:modified_time\" content=\"2023-08-23T01:48:28+00:00\" \/>\n<meta property=\"og:image\" content=\"https:\/\/anunciosbolivia.com\/camelia\/wp-content\/uploads\/2023\/08\/qrdepagocamelia-1024x1024.png\" \/>\n<meta name=\"twitter:card\" content=\"summary_large_image\" \/>\n<meta name=\"twitter:label1\" content=\"Tiempo de lectura\" \/>\n\t<meta name=\"twitter:data1\" content=\"1 minuto\" \/>\n<script type=\"application\/ld+json\" class=\"yoast-schema-graph\">{\"@context\":\"https:\/\/schema.org\",\"@graph\":[{\"@type\":\"WebPage\",\"@id\":\"https:\/\/anunciosbolivia.com\/camelia\/metodos-de-pago\/\",\"url\":\"https:\/\/anunciosbolivia.com\/camelia\/metodos-de-pago\/\",\"name\":\"M\u00e9todos de pago - Camelia\",\"isPartOf\":{\"@id\":\"https:\/\/anunciosbolivia.com\/camelia\/#website\"},\"datePublished\":\"2023-08-18T18:18:15+00:00\",\"dateModified\":\"2023-08-23T01:48:28+00:00\",\"breadcrumb\":{\"@id\":\"https:\/\/anunciosbolivia.com\/camelia\/metodos-de-pago\/#breadcrumb\"},\"inLanguage\":\"es\",\"potentialAction\":[{\"@type\":\"ReadAction\",\"target\":[\"https:\/\/anunciosbolivia.com\/camelia\/metodos-de-pago\/\"]}]},{\"@type\":\"BreadcrumbList\",\"@id\":\"https:\/\/anunciosbolivia.com\/camelia\/metodos-de-pago\/#breadcrumb\",\"itemListElement\":[{\"@type\":\"ListItem\",\"position\":1,\"name\":\"Home\",\"item\":\"https:\/\/anunciosbolivia.com\/camelia\/\"},{\"@type\":\"ListItem\",\"position\":2,\"name\":\"M\u00e9todos de pago\"}]},{\"@type\":\"WebSite\",\"@id\":\"https:\/\/anunciosbolivia.com\/camelia\/#website\",\"url\":\"https:\/\/anunciosbolivia.com\/camelia\/\",\"name\":\"Camelia\",\"description\":\"\",\"publisher\":{\"@id\":\"https:\/\/anunciosbolivia.com\/camelia\/#organization\"},\"potentialAction\":[{\"@type\":\"SearchAction\",\"target\":{\"@type\":\"EntryPoint\",\"urlTemplate\":\"https:\/\/anunciosbolivia.com\/camelia\/?s={search_term_string}\"},\"query-input\":\"required name=search_term_string\"}],\"inLanguage\":\"es\"},{\"@type\":\"Organization\",\"@id\":\"https:\/\/anunciosbolivia.com\/camelia\/#organization\",\"name\":\"Camelia\",\"url\":\"https:\/\/anunciosbolivia.com\/camelia\/\",\"logo\":{\"@type\":\"ImageObject\",\"inLanguage\":\"es\",\"@id\":\"https:\/\/anunciosbolivia.com\/camelia\/#\/schema\/logo\/image\/\",\"url\":\"https:\/\/anunciosbolivia.com\/camelia\/wp-content\/uploads\/2023\/05\/logocamelia-1.png\",\"contentUrl\":\"https:\/\/anunciosbolivia.com\/camelia\/wp-content\/uploads\/2023\/05\/logocamelia-1.png\",\"width\":550,\"height\":176,\"caption\":\"Camelia\"},\"image\":{\"@id\":\"https:\/\/anunciosbolivia.com\/camelia\/#\/schema\/logo\/image\/\"}}]}<\/script>\n<!-- \/ Yoast SEO Premium plugin. -->","yoast_head_json":{"title":"M\u00e9todos de pago - Camelia","robots":{"index":"index","follow":"follow","max-snippet":"max-snippet:-1","max-image-preview":"max-image-preview:large","max-video-preview":"max-video-preview:-1"},"canonical":"https:\/\/anunciosbolivia.com\/camelia\/metodos-de-pago\/","og_locale":"es_ES","og_type":"article","og_title":"M\u00e9todos de pago","og_description":"M\u00e9todos de pago QR Transferencia Bancaria QR Descargar QR Transferencia Bancaria Banco de Cr\u00e9dito Nombre Fabiola Borja Yanez N\u00ba de Cuenta 20150841929365","og_url":"https:\/\/anunciosbolivia.com\/camelia\/metodos-de-pago\/","og_site_name":"Camelia","article_modified_time":"2023-08-23T01:48:28+00:00","og_image":[{"url":"https:\/\/anunciosbolivia.com\/camelia\/wp-content\/uploads\/2023\/08\/qrdepagocamelia-1024x1024.png"}],"twitter_card":"summary_large_image","twitter_misc":{"Tiempo de lectura":"1 minuto"},"schema":{"@context":"https:\/\/schema.org","@graph":[{"@type":"WebPage","@id":"https:\/\/anunciosbolivia.com\/camelia\/metodos-de-pago\/","url":"https:\/\/anunciosbolivia.com\/camelia\/metodos-de-pago\/","name":"M\u00e9todos de pago - Camelia","isPartOf":{"@id":"https:\/\/anunciosbolivia.com\/camelia\/#website"},"datePublished":"2023-08-18T18:18:15+00:00","dateModified":"2023-08-23T01:48:28+00:00","breadcrumb":{"@id":"https:\/\/anunciosbolivia.com\/camelia\/metodos-de-pago\/#breadcrumb"},"inLanguage":"es","potentialAction":[{"@type":"ReadAction","target":["https:\/\/anunciosbolivia.com\/camelia\/metodos-de-pago\/"]}]},{"@type":"BreadcrumbList","@id":"https:\/\/anunciosbolivia.com\/camelia\/metodos-de-pago\/#breadcrumb","itemListElement":[{"@type":"ListItem","position":1,"name":"Home","item":"https:\/\/anunciosbolivia.com\/camelia\/"},{"@type":"ListItem","position":2,"name":"M\u00e9todos de pago"}]},{"@type":"WebSite","@id":"https:\/\/anunciosbolivia.com\/camelia\/#website","url":"https:\/\/anunciosbolivia.com\/camelia\/","name":"Camelia","description":"","publisher":{"@id":"https:\/\/anunciosbolivia.com\/camelia\/#organization"},"potentialAction":[{"@type":"SearchAction","target":{"@type":"EntryPoint","urlTemplate":"https:\/\/anunciosbolivia.com\/camelia\/?s={search_term_string}"},"query-input":"required name=search_term_string"}],"inLanguage":"es"},{"@type":"Organization","@id":"https:\/\/anunciosbolivia.com\/camelia\/#organization","name":"Camelia","url":"https:\/\/anunciosbolivia.com\/camelia\/","logo":{"@type":"ImageObject","inLanguage":"es","@id":"https:\/\/anunciosbolivia.com\/camelia\/#\/schema\/logo\/image\/","url":"https:\/\/anunciosbolivia.com\/camelia\/wp-content\/uploads\/2023\/05\/logocamelia-1.png","contentUrl":"https:\/\/anunciosbolivia.com\/camelia\/wp-content\/uploads\/2023\/05\/logocamelia-1.png","width":550,"height":176,"caption":"Camelia"},"image":{"@id":"https:\/\/anunciosbolivia.com\/camelia\/#\/schema\/logo\/image\/"}}]}},"_links":{"self":[{"href":"https:\/\/anunciosbolivia.com\/camelia\/wp-json\/wp\/v2\/pages\/937"}],"collection":[{"href":"https:\/\/anunciosbolivia.com\/camelia\/wp-json\/wp\/v2\/pages"}],"about":[{"href":"https:\/\/anunciosbolivia.com\/camelia\/wp-json\/wp\/v2\/types\/page"}],"author":[{"embeddable":true,"href":"https:\/\/anunciosbolivia.com\/camelia\/wp-json\/wp\/v2\/users\/1"}],"replies":[{"embeddable":true,"href":"https:\/\/anunciosbolivia.com\/camelia\/wp-json\/wp\/v2\/comments?post=937"}],"version-history":[{"count":31,"href":"https:\/\/anunciosbolivia.com\/camelia\/wp-json\/wp\/v2\/pages\/937\/revisions"}],"predecessor-version":[{"id":1026,"href":"https:\/\/anunciosbolivia.com\/camelia\/wp-json\/wp\/v2\/pages\/937\/revisions\/1026"}],"wp:attachment":[{"href":"https:\/\/anunciosbolivia.com\/camelia\/wp-json\/wp\/v2\/media?parent=937"}],"wp:term":[{"taxonomy":"folder","embeddable":true,"href":"https:\/\/anunciosbolivia.com\/camelia\/wp-json\/wp\/v2\/folder?post=937"}],"curies":[{"name":"wp","href":"https:\/\/api.w.org\/{rel}","templated":true}]}}